{"id":2,"date":"2021-12-09T14:54:58","date_gmt":"2021-12-09T14:54:58","guid":{"rendered":"https:\/\/www.alttab.at\/?page_id=2"},"modified":"2025-12-18T11:13:16","modified_gmt":"2025-12-18T11:13:16","slug":"eve-online-info-sammlung-mit-informationen-zu-undokumentierten-dingen","status":"publish","type":"page","link":"https:\/\/www.alttab.at\/","title":{"rendered":"Einfach Hi!"},"content":{"rendered":"\n<p>Ich bin Mike oder auch KillerMiMi, <br><br>Ich verwende, wie viele von euch, auch andere Nicknames im Netz und in meinen Games.<br>Aber das ist der vermutlich Aktuellste von ihnen. Ich finde, es ist einfach ein sch\u00f6nes Oxymoron.<\/p>\n\n\n\n<p>Begonnen habe ich mit Artikel \u00fcber Eve online. Da Eve aber nicht immer Spa\u00df macht und ich gerne zwischendurch mal etwas anderes Zocken will, habe ich beschlossen Tipps zu verschiedenen Games zu sammeln.<\/p>\n\n\n\n<p><strong>F\u00fcr die EVE-Spieler:<\/strong><br>Ihr habt mich in Eve online noch nie gesehen? Kein Wunder. Ich sitze 99% meiner Zeit in meiner getarnten Prospect &#8222;Lonesome Diver&#8220; in irgendeinem C5 oder C6 Wurmloch weiiit drau\u00dfen im Nirgendwo. Genau da f\u00fchle ich mich wohl.<\/p>\n\n\n\n<p>Da besonders Anf\u00e4nger verdammt viele Fragen haben, habe ich begonnen, meine Erfahrungen, die ich in YT, Wikis und ingame gesammelt habe hier zusammenzutragen. <\/p>\n\n\n\n<p>Die Seite dient zum Einen f\u00fcr mich selbst als Nachschlagewerk. Zum Anderen soll sie anderen helfen sich in Eve leichter zurecht zu finden.<\/p>\n\n\n\n<p>Viele Infos \u00fcber Eve sind leider aus dem Jahre Schnee, oder wurden nie richtig dokumentiert. Hier werde ich viele Dinge, dich ich so finde zusammentragen und dokumentieren.<\/p>\n\n\n\n<p><\/p>\n\n\n\n<p>o7 and fly chilled<\/p>\n","protected":false},"excerpt":{"rendered":"<p>Ich bin Mike oder auch KillerMiMi, Ich verwende, wie viele von euch, auch andere Nicknames im Netz und in meinen Games.Aber das ist der vermutlich Aktuellste von ihnen. Ich finde, es ist einfach ein sch\u00f6nes Oxymoron. Begonnen habe ich mit Artikel \u00fcber Eve online. Da Eve aber nicht immer Spa\u00df macht und ich gerne zwischendurch [&hellip;]<\/p>\n","protected":false},"author":1,"featured_media":0,"parent":0,"menu_order":0,"comment_status":"closed","ping_status":"open","template":"","meta":{"footnotes":""},"class_list":["post-2","page","type-page","status-publish","hentry"],"yoast_head":"<!-- This site is optimized with the Yoast SEO plugin v26.6 - https:\/\/yoast.com\/wordpress\/plugins\/seo\/ -->\n<title>EOIS die Eve online Info Sammlung f\u00fcr Anf\u00e4nger und Fortgeschrittene<\/title>\n<meta name=\"description\" content=\"Ihr sucht nach Infos zu Eve online und k\u00f6nnt verdammt nochmal nichts zu eurem Thema finden? Dann seid ihr hier richtig.\" \/>\n<meta name=\"robots\" content=\"index, follow, max-snippet:-1, max-image-preview:large, max-video-preview:-1\" \/>\n<link rel=\"canonical\" href=\"https:\/\/www.alttab.at\/\" \/>\n<meta property=\"og:locale\" content=\"de_DE\" \/>\n<meta property=\"og:type\" content=\"article\" \/>\n<meta property=\"og:title\" content=\"EOIS die Eve online Info Sammlung f\u00fcr Anf\u00e4nger und Fortgeschrittene\" \/>\n<meta property=\"og:description\" content=\"Ihr sucht nach Infos zu Eve online und k\u00f6nnt verdammt nochmal nichts zu eurem Thema finden? Dann seid ihr hier richtig.\" \/>\n<meta property=\"og:url\" content=\"https:\/\/www.alttab.at\/\" \/>\n<meta property=\"og:site_name\" content=\"Mike&#039;s Life and Gaming Blog\" \/>\n<meta property=\"article:modified_time\" content=\"2025-12-18T11:13:16+00:00\" \/>\n<meta name=\"twitter:card\" content=\"summary_large_image\" \/>\n<meta name=\"twitter:label1\" content=\"Gesch\u00e4tzte Lesezeit\" \/>\n\t<meta name=\"twitter:data1\" content=\"2\u00a0Minuten\" \/>\n<script type=\"application\/ld+json\" class=\"yoast-schema-graph\">{\"@context\":\"https:\/\/schema.org\",\"@graph\":[{\"@type\":\"WebPage\",\"@id\":\"https:\/\/www.alttab.at\/\",\"url\":\"https:\/\/www.alttab.at\/\",\"name\":\"EOIS die Eve online Info Sammlung f\u00fcr Anf\u00e4nger und Fortgeschrittene\",\"isPartOf\":{\"@id\":\"https:\/\/www.alttab.at\/#website\"},\"datePublished\":\"2021-12-09T14:54:58+00:00\",\"dateModified\":\"2025-12-18T11:13:16+00:00\",\"description\":\"Ihr sucht nach Infos zu Eve online und k\u00f6nnt verdammt nochmal nichts zu eurem Thema finden? Dann seid ihr hier richtig.\",\"breadcrumb\":{\"@id\":\"https:\/\/www.alttab.at\/#breadcrumb\"},\"inLanguage\":\"de\",\"potentialAction\":[{\"@type\":\"ReadAction\",\"target\":[\"https:\/\/www.alttab.at\/\"]}]},{\"@type\":\"BreadcrumbList\",\"@id\":\"https:\/\/www.alttab.at\/#breadcrumb\",\"itemListElement\":[{\"@type\":\"ListItem\",\"position\":1,\"name\":\"Startseite\",\"item\":\"https:\/\/www.alttab.at\/\"},{\"@type\":\"ListItem\",\"position\":2,\"name\":\"Einfach Hi!\"}]},{\"@type\":\"WebSite\",\"@id\":\"https:\/\/www.alttab.at\/#website\",\"url\":\"https:\/\/www.alttab.at\/\",\"name\":\"Mike&#039;s Life and Gaming Blog\",\"description\":\"Ein Leben zwischen Games, Hobbies und Real Life\",\"potentialAction\":[{\"@type\":\"SearchAction\",\"target\":{\"@type\":\"EntryPoint\",\"urlTemplate\":\"https:\/\/www.alttab.at\/?s={search_term_string}\"},\"query-input\":{\"@type\":\"PropertyValueSpecification\",\"valueRequired\":true,\"valueName\":\"search_term_string\"}}],\"inLanguage\":\"de\"}]}<\/script>\n<!-- \/ Yoast SEO plugin. -->","yoast_head_json":{"title":"EOIS die Eve online Info Sammlung f\u00fcr Anf\u00e4nger und Fortgeschrittene","description":"Ihr sucht nach Infos zu Eve online und k\u00f6nnt verdammt nochmal nichts zu eurem Thema finden? Dann seid ihr hier richtig.","robots":{"index":"index","follow":"follow","max-snippet":"max-snippet:-1","max-image-preview":"max-image-preview:large","max-video-preview":"max-video-preview:-1"},"canonical":"https:\/\/www.alttab.at\/","og_locale":"de_DE","og_type":"article","og_title":"EOIS die Eve online Info Sammlung f\u00fcr Anf\u00e4nger und Fortgeschrittene","og_description":"Ihr sucht nach Infos zu Eve online und k\u00f6nnt verdammt nochmal nichts zu eurem Thema finden? Dann seid ihr hier richtig.","og_url":"https:\/\/www.alttab.at\/","og_site_name":"Mike&#039;s Life and Gaming Blog","article_modified_time":"2025-12-18T11:13:16+00:00","twitter_card":"summary_large_image","twitter_misc":{"Gesch\u00e4tzte Lesezeit":"2\u00a0Minuten"},"schema":{"@context":"https:\/\/schema.org","@graph":[{"@type":"WebPage","@id":"https:\/\/www.alttab.at\/","url":"https:\/\/www.alttab.at\/","name":"EOIS die Eve online Info Sammlung f\u00fcr Anf\u00e4nger und Fortgeschrittene","isPartOf":{"@id":"https:\/\/www.alttab.at\/#website"},"datePublished":"2021-12-09T14:54:58+00:00","dateModified":"2025-12-18T11:13:16+00:00","description":"Ihr sucht nach Infos zu Eve online und k\u00f6nnt verdammt nochmal nichts zu eurem Thema finden? Dann seid ihr hier richtig.","breadcrumb":{"@id":"https:\/\/www.alttab.at\/#breadcrumb"},"inLanguage":"de","potentialAction":[{"@type":"ReadAction","target":["https:\/\/www.alttab.at\/"]}]},{"@type":"BreadcrumbList","@id":"https:\/\/www.alttab.at\/#breadcrumb","itemListElement":[{"@type":"ListItem","position":1,"name":"Startseite","item":"https:\/\/www.alttab.at\/"},{"@type":"ListItem","position":2,"name":"Einfach Hi!"}]},{"@type":"WebSite","@id":"https:\/\/www.alttab.at\/#website","url":"https:\/\/www.alttab.at\/","name":"Mike&#039;s Life and Gaming Blog","description":"Ein Leben zwischen Games, Hobbies und Real Life","potentialAction":[{"@type":"SearchAction","target":{"@type":"EntryPoint","urlTemplate":"https:\/\/www.alttab.at\/?s={search_term_string}"},"query-input":{"@type":"PropertyValueSpecification","valueRequired":true,"valueName":"search_term_string"}}],"inLanguage":"de"}]}},"_links":{"self":[{"href":"https:\/\/www.alttab.at\/index.php?rest_route=\/wp\/v2\/pages\/2","targetHints":{"allow":["GET"]}}],"collection":[{"href":"https:\/\/www.alttab.at\/index.php?rest_route=\/wp\/v2\/pages"}],"about":[{"href":"https:\/\/www.alttab.at\/index.php?rest_route=\/wp\/v2\/types\/page"}],"author":[{"embeddable":true,"href":"https:\/\/www.alttab.at\/index.php?rest_route=\/wp\/v2\/users\/1"}],"replies":[{"embeddable":true,"href":"https:\/\/www.alttab.at\/index.php?rest_route=%2Fwp%2Fv2%2Fcomments&post=2"}],"version-history":[{"count":7,"href":"https:\/\/www.alttab.at\/index.php?rest_route=\/wp\/v2\/pages\/2\/revisions"}],"predecessor-version":[{"id":157,"href":"https:\/\/www.alttab.at\/index.php?rest_route=\/wp\/v2\/pages\/2\/revisions\/157"}],"wp:attachment":[{"href":"https:\/\/www.alttab.at\/index.php?rest_route=%2Fwp%2Fv2%2Fmedia&parent=2"}],"curies":[{"name":"wp","href":"https:\/\/api.w.org\/{rel}","templated":true}]}}